{"id":2437,"date":"2022-05-31T12:43:41","date_gmt":"2022-05-31T10:43:41","guid":{"rendered":"https:\/\/ieshuarte.educacion.navarra.es\/web1\/?page_id=2437"},"modified":"2022-05-31T19:12:14","modified_gmt":"2022-05-31T17:12:14","slug":"huerto-intercentros","status":"publish","type":"page","link":"https:\/\/ciphuarte.educacion.navarra.es\/web1\/huerto-intercentros\/","title":{"rendered":"Huerto intercentros"},"content":{"rendered":"\n<p>Durante el curso escolar 2021\/2022 se ha puesto en marcha el proyecto <em>\u201cHuerto intercentros<\/em>\u201d en el IES Huarte. El objetivo era convertir la parcela de tierra que se encuentra detr\u00e1s de la nave de Mantenimiento de Veh\u00edculos en una huerta escolar para que el alumnado del instituto pueda hacer uso de ella.<\/p>\n\n\n\n<p>Se trata de un proyecto dividido en dos cursos acad\u00e9micos. En este primer a\u00f1o, el objetivo era, principalmente, acondicionar la parcela desde el punto de vista t\u00e9cnico (tierra y sistemas de riego en funci\u00f3n de los cultivos elegidos). El segundo a\u00f1o, el curso 2022-23, se empezar\u00e1 a aprovechar la tierra y los diferentes cultivos puesto que ya contamos con la tierra preparada de antemano.&nbsp;<\/p>\n\n\n\n<p class=\"has-black-color has-text-color\">Tanto para gestar como para llevar a cabo el proyecto hemos contado desde el inicio con la ayuda de la <strong>Fundaci\u00f3n Laboral de la Construcci\u00f3n<\/strong> y del <strong>CI Agroforestal.<\/strong>\u00a0<\/p>\n\n\n\n<figure class=\"wp-block-gallery has-nested-images columns-default is-cropped\">\n<figure class=\"wp-block-image size-large\"><img loading=\"lazy\" width=\"1600\" height=\"901\" data-id=\"2282\"  src=\"https:\/\/ieshuarte.educacion.navarra.es\/web1\/wp-content\/uploads\/2022\/03\/IMG-20220318-WA0009.jpg\" alt=\"\" class=\"wp-image-2282\" srcset=\"https:\/\/ciphuarte.educacion.navarra.es\/web1\/wp-content\/uploads\/2022\/03\/IMG-20220318-WA0009.jpg 1600w, https:\/\/ciphuarte.educacion.navarra.es\/web1\/wp-content\/uploads\/2022\/03\/IMG-20220318-WA0009-300x169.jpg 300w, https:\/\/ciphuarte.educacion.navarra.es\/web1\/wp-content\/uploads\/2022\/03\/IMG-20220318-WA0009-1024x577.jpg 1024w, https:\/\/ciphuarte.educacion.navarra.es\/web1\/wp-content\/uploads\/2022\/03\/IMG-20220318-WA0009-768x432.jpg 768w, https:\/\/ciphuarte.educacion.navarra.es\/web1\/wp-content\/uploads\/2022\/03\/IMG-20220318-WA0009-1536x865.jpg 1536w\" sizes=\"(max-width: 1600px) 100vw, 1600px\" \/><\/figure>\n\n\n\n<figure class=\"wp-block-image size-large\"><img loading=\"lazy\" width=\"1600\" height=\"901\" data-id=\"2280\"  src=\"https:\/\/ieshuarte.educacion.navarra.es\/web1\/wp-content\/uploads\/2022\/03\/IMG-20220318-WA0005.jpg\" alt=\"\" class=\"wp-image-2280\" srcset=\"https:\/\/ciphuarte.educacion.navarra.es\/web1\/wp-content\/uploads\/2022\/03\/IMG-20220318-WA0005.jpg 1600w, https:\/\/ciphuarte.educacion.navarra.es\/web1\/wp-content\/uploads\/2022\/03\/IMG-20220318-WA0005-300x169.jpg 300w, https:\/\/ciphuarte.educacion.navarra.es\/web1\/wp-content\/uploads\/2022\/03\/IMG-20220318-WA0005-1024x577.jpg 1024w, https:\/\/ciphuarte.educacion.navarra.es\/web1\/wp-content\/uploads\/2022\/03\/IMG-20220318-WA0005-768x432.jpg 768w, https:\/\/ciphuarte.educacion.navarra.es\/web1\/wp-content\/uploads\/2022\/03\/IMG-20220318-WA0005-1536x865.jpg 1536w\" sizes=\"(max-width: 1600px) 100vw, 1600px\" \/><\/figure>\n\n\n\n<figure class=\"wp-block-image size-large\"><img loading=\"lazy\" width=\"1600\" height=\"901\" data-id=\"2279\"  src=\"https:\/\/ieshuarte.educacion.navarra.es\/web1\/wp-content\/uploads\/2022\/03\/IMG-20220318-WA0006.jpg\" alt=\"\" class=\"wp-image-2279\" srcset=\"https:\/\/ciphuarte.educacion.navarra.es\/web1\/wp-content\/uploads\/2022\/03\/IMG-20220318-WA0006.jpg 1600w, https:\/\/ciphuarte.educacion.navarra.es\/web1\/wp-content\/uploads\/2022\/03\/IMG-20220318-WA0006-300x169.jpg 300w, https:\/\/ciphuarte.educacion.navarra.es\/web1\/wp-content\/uploads\/2022\/03\/IMG-20220318-WA0006-1024x577.jpg 1024w, https:\/\/ciphuarte.educacion.navarra.es\/web1\/wp-content\/uploads\/2022\/03\/IMG-20220318-WA0006-768x432.jpg 768w, https:\/\/ciphuarte.educacion.navarra.es\/web1\/wp-content\/uploads\/2022\/03\/IMG-20220318-WA0006-1536x865.jpg 1536w\" sizes=\"(max-width: 1600px) 100vw, 1600px\" \/><\/figure>\n<\/figure>\n\n\n\n<h2><strong>Preparaci\u00f3n: Curso 2021\/2022<\/strong><\/h2>\n\n\n\n<figure class=\"wp-block-image size-large\"><img loading=\"lazy\" width=\"1024\" height=\"724\" src=\"https:\/\/ieshuarte.educacion.navarra.es\/web1\/wp-content\/uploads\/2022\/05\/CANVAS-EDUCATIVO-ABP_page-0001-1024x724.jpg\" alt=\"\" class=\"wp-image-2451\" srcset=\"https:\/\/ciphuarte.educacion.navarra.es\/web1\/wp-content\/uploads\/2022\/05\/CANVAS-EDUCATIVO-ABP_page-0001-1024x724.jpg 1024w, https:\/\/ciphuarte.educacion.navarra.es\/web1\/wp-content\/uploads\/2022\/05\/CANVAS-EDUCATIVO-ABP_page-0001-300x212.jpg 300w, https:\/\/ciphuarte.educacion.navarra.es\/web1\/wp-content\/uploads\/2022\/05\/CANVAS-EDUCATIVO-ABP_page-0001-768x543.jpg 768w, https:\/\/ciphuarte.educacion.navarra.es\/web1\/wp-content\/uploads\/2022\/05\/CANVAS-EDUCATIVO-ABP_page-0001-1536x1086.jpg 1536w, https:\/\/ciphuarte.educacion.navarra.es\/web1\/wp-content\/uploads\/2022\/05\/CANVAS-EDUCATIVO-ABP_page-0001.jpg 1755w\" sizes=\"(max-width: 1024px) 100vw, 1024px\" \/><\/figure>\n\n\n\n<p>En junio del 2021, desde el CI Agroforestal se realiz\u00f3 un dise\u00f1o aproximado de las distribuci\u00f3n de las parcelas, del sistema de riego as\u00ed como la propuesta de las zonas de cultivo.\u00a0<\/p>\n\n\n\n<p>Desde el mes de octubre, los\/las docentes y el alumnado de la Fundaci\u00f3n Laboral de la Construcci\u00f3n (2\u00ba GM Excavaciones y Sondeos) han sido los\/las encargados\/as de preparar nuestra parcela para que pueda convertirse en una huerta. Su proyecto consist\u00eda en realizar el movimiento de tierras y aportar tierra vegetal.\u00a0<\/p>\n\n\n\n<p>Una vez que la parcela estaba preparada y siguiendo las reuniones que se mantuvieron durante el final del curso pasado, el alumnado de 2\u00ba FM del IES Huarte ha realizado el estudio del sistema de riego ideal para la parcela y los cultivos que en principio se quieren plantar.\u00a0<br>Al mismo tiempo, el alumnado del CI Agroforestal (CM Producci\u00f3n Agropecuaria) acudi\u00f3 a revisar el estado de la tierra para poder empezar a trabajarla y plantar los primeros cultivos. Por ser ya el final de curso, se opt\u00f3 por plantas arom\u00e1ticas y flores de f\u00e1cil cultivo que pudieran ser aprovechadas por el alumnado de Hosteler\u00eda (1\u00ba y 2\u00ba FPB) del IES Huarte en sus elaboraciones.<\/p>\n\n\n\n<h2><strong>Final: Curso 2022\/2023<\/strong><\/h2>\n\n\n\n<p>Durante el pr\u00f3ximo escolar, seguiremos en contacto con la CI Agroforestal para programar la siembra de los diferentes cultivos con todo lo que ello implica (conocimiento de las plantas, tiempo de cosecha, tiempo de recogida, mantenimiento de la huerta etc.). Desde el IES Huarte ser\u00e1 el alumnado de Hosteler\u00eda el encargado de coordinarse con sus compa\u00f1eros\/as de Producci\u00f3n Agropecuaria y utilizar la huerta como fuente de materias primarias en la cocina del centro.\u00a0<\/p>\n","protected":false},"excerpt":{"rendered":"<p>Durante el curso escolar 2021\/2022 se ha puesto en marcha el proyecto \u201cHuerto intercentros\u201d en el IES Huarte. El objetivo era convertir la parcela de tierra que se encuentra detr\u00e1s de la nave de Mantenimiento de Veh\u00edculos en una huerta escolar para que el alumnado del instituto pueda hacer uso de ella. Se trata de [&hellip;]<\/p>\n","protected":false},"author":1,"featured_media":0,"parent":0,"menu_order":0,"comment_status":"closed","ping_status":"closed","template":"","meta":{"_genesis_hide_title":false,"_genesis_hide_breadcrumbs":false,"_genesis_hide_singular_image":false,"_genesis_hide_footer_widgets":false,"_genesis_custom_body_class":"","_genesis_custom_post_class":"","_genesis_layout":""},"_links":{"self":[{"href":"https:\/\/ciphuarte.educacion.navarra.es\/web1\/wp-json\/wp\/v2\/pages\/2437"}],"collection":[{"href":"https:\/\/ciphuarte.educacion.navarra.es\/web1\/wp-json\/wp\/v2\/pages"}],"about":[{"href":"https:\/\/ciphuarte.educacion.navarra.es\/web1\/wp-json\/wp\/v2\/types\/page"}],"author":[{"embeddable":true,"href":"https:\/\/ciphuarte.educacion.navarra.es\/web1\/wp-json\/wp\/v2\/users\/1"}],"replies":[{"embeddable":true,"href":"https:\/\/ciphuarte.educacion.navarra.es\/web1\/wp-json\/wp\/v2\/comments?post=2437"}],"version-history":[{"count":5,"href":"https:\/\/ciphuarte.educacion.navarra.es\/web1\/wp-json\/wp\/v2\/pages\/2437\/revisions"}],"predecessor-version":[{"id":2705,"href":"https:\/\/ciphuarte.educacion.navarra.es\/web1\/wp-json\/wp\/v2\/pages\/2437\/revisions\/2705"}],"wp:attachment":[{"href":"https:\/\/ciphuarte.educacion.navarra.es\/web1\/wp-json\/wp\/v2\/media?parent=2437"}],"curies":[{"name":"wp","href":"https:\/\/api.w.org\/{rel}","templated":true}]}}