{"id":2454,"date":"2022-05-31T19:33:25","date_gmt":"2022-05-31T17:33:25","guid":{"rendered":"https:\/\/ieshuarte.educacion.navarra.es\/web1\/?page_id=2454"},"modified":"2022-06-03T12:26:56","modified_gmt":"2022-06-03T10:26:56","slug":"viernes-dulces-y-salados","status":"publish","type":"page","link":"https:\/\/ciphuarte.educacion.navarra.es\/web1\/viernes-dulces-y-salados\/","title":{"rendered":"Viernes dulces y salados"},"content":{"rendered":"\n<p class=\"has-medium-font-size\">Reproducimos aqu\u00ed el magn\u00edfico art\u00edculo de Kendry R\u00edos Ram\u00edrez , de 2\u00ba de Servicios Comerciales, en el que explica c\u00f3mo se ha llevado a cabo el proyecto interdisciplinar Comercio-Hosteler\u00eda que tantas alegr\u00edas nos ha dado a quienes hemos disfrutado de la calidad del producto final y de cada uno de los detalles que decoraban las cajitas de los viernes.<\/p>\n\n\n\n<figure class=\"wp-block-gallery has-nested-images columns-2 is-cropped\">\n<figure class=\"wp-block-image size-full\"><img loading=\"lazy\" width=\"2560\" height=\"1920\" data-id=\"2340\"  src=\"https:\/\/ieshuarte.educacion.navarra.es\/web1\/wp-content\/uploads\/2022\/04\/20220317_091700-2-1-scaled.jpg\" alt=\"\" class=\"wp-image-2340\" srcset=\"https:\/\/ciphuarte.educacion.navarra.es\/web1\/wp-content\/uploads\/2022\/04\/20220317_091700-2-1-scaled.jpg 2560w, https:\/\/ciphuarte.educacion.navarra.es\/web1\/wp-content\/uploads\/2022\/04\/20220317_091700-2-1-300x225.jpg 300w, https:\/\/ciphuarte.educacion.navarra.es\/web1\/wp-content\/uploads\/2022\/04\/20220317_091700-2-1-1024x768.jpg 1024w, https:\/\/ciphuarte.educacion.navarra.es\/web1\/wp-content\/uploads\/2022\/04\/20220317_091700-2-1-768x576.jpg 768w, https:\/\/ciphuarte.educacion.navarra.es\/web1\/wp-content\/uploads\/2022\/04\/20220317_091700-2-1-1536x1152.jpg 1536w, https:\/\/ciphuarte.educacion.navarra.es\/web1\/wp-content\/uploads\/2022\/04\/20220317_091700-2-1-2048x1536.jpg 2048w\" sizes=\"(max-width: 2560px) 100vw, 2560px\" \/><\/figure>\n\n\n\n<figure class=\"wp-block-image size-full\"><img loading=\"lazy\" width=\"2560\" height=\"1920\" data-id=\"2339\"  src=\"https:\/\/ieshuarte.educacion.navarra.es\/web1\/wp-content\/uploads\/2022\/04\/20220318_115521-1-1-scaled.jpg\" alt=\"\" class=\"wp-image-2339\" srcset=\"https:\/\/ciphuarte.educacion.navarra.es\/web1\/wp-content\/uploads\/2022\/04\/20220318_115521-1-1-scaled.jpg 2560w, https:\/\/ciphuarte.educacion.navarra.es\/web1\/wp-content\/uploads\/2022\/04\/20220318_115521-1-1-300x225.jpg 300w, https:\/\/ciphuarte.educacion.navarra.es\/web1\/wp-content\/uploads\/2022\/04\/20220318_115521-1-1-1024x768.jpg 1024w, https:\/\/ciphuarte.educacion.navarra.es\/web1\/wp-content\/uploads\/2022\/04\/20220318_115521-1-1-768x576.jpg 768w, https:\/\/ciphuarte.educacion.navarra.es\/web1\/wp-content\/uploads\/2022\/04\/20220318_115521-1-1-1536x1152.jpg 1536w, https:\/\/ciphuarte.educacion.navarra.es\/web1\/wp-content\/uploads\/2022\/04\/20220318_115521-1-1-2048x1536.jpg 2048w\" sizes=\"(max-width: 2560px) 100vw, 2560px\" \/><\/figure>\n\n\n\n<figure class=\"wp-block-image size-full\"><img loading=\"lazy\" width=\"1200\" height=\"1104\" data-id=\"2342\"  src=\"https:\/\/ieshuarte.educacion.navarra.es\/web1\/wp-content\/uploads\/2022\/04\/IMG-20220317-WA0012-2.jpg\" alt=\"\" class=\"wp-image-2342\" srcset=\"https:\/\/ciphuarte.educacion.navarra.es\/web1\/wp-content\/uploads\/2022\/04\/IMG-20220317-WA0012-2.jpg 1200w, https:\/\/ciphuarte.educacion.navarra.es\/web1\/wp-content\/uploads\/2022\/04\/IMG-20220317-WA0012-2-300x276.jpg 300w, https:\/\/ciphuarte.educacion.navarra.es\/web1\/wp-content\/uploads\/2022\/04\/IMG-20220317-WA0012-2-1024x942.jpg 1024w, https:\/\/ciphuarte.educacion.navarra.es\/web1\/wp-content\/uploads\/2022\/04\/IMG-20220317-WA0012-2-768x707.jpg 768w\" sizes=\"(max-width: 1200px) 100vw, 1200px\" \/><\/figure>\n\n\n\n<figure class=\"wp-block-image size-full\"><img loading=\"lazy\" width=\"1920\" height=\"2560\" data-id=\"2344\"  src=\"https:\/\/ieshuarte.educacion.navarra.es\/web1\/wp-content\/uploads\/2022\/04\/20220318_122201-1-1-scaled-e1651182736902.jpg\" alt=\"\" class=\"wp-image-2344\" srcset=\"https:\/\/ciphuarte.educacion.navarra.es\/web1\/wp-content\/uploads\/2022\/04\/20220318_122201-1-1-scaled-e1651182736902.jpg 1920w, https:\/\/ciphuarte.educacion.navarra.es\/web1\/wp-content\/uploads\/2022\/04\/20220318_122201-1-1-scaled-e1651182736902-225x300.jpg 225w, https:\/\/ciphuarte.educacion.navarra.es\/web1\/wp-content\/uploads\/2022\/04\/20220318_122201-1-1-scaled-e1651182736902-768x1024.jpg 768w, https:\/\/ciphuarte.educacion.navarra.es\/web1\/wp-content\/uploads\/2022\/04\/20220318_122201-1-1-scaled-e1651182736902-1152x1536.jpg 1152w, https:\/\/ciphuarte.educacion.navarra.es\/web1\/wp-content\/uploads\/2022\/04\/20220318_122201-1-1-scaled-e1651182736902-1536x2048.jpg 1536w\" sizes=\"(max-width: 1920px) 100vw, 1920px\" \/><\/figure>\n<\/figure>\n\n\n\n<p>En el proyecto de Bollos suizos, desarrollado en el IES Huarte, el grupo de 2\u00ba de Servicios Comerciales en colaboraci\u00f3n con 2\u00ba de Restauraci\u00f3n,&nbsp; ha trabajado conjuntamente para ofrecer a los clientes el mejor producto embellecido y entregado de forma personal por el alumnado de segundo curso de Comercio.<\/p>\n\n\n\n<p>Las entregas se realizaron los viernes de cada semana a partir del segundo recreo,&nbsp; despu\u00e9s de que Servicios Comerciales diera el toque personal a trav\u00e9s de su <em>packaging<\/em> personalizado.&nbsp;El pedido era entregado a domicilio&nbsp; con su correspondiente factura. Para llevar el control de las entregas, el cliente nos ten\u00eda que firmar una copia de la factura, la cual, la guardamos con su pedido correspondiente.<\/p>\n\n\n\n<p>Los compa\u00f1eros encargados de las entregas se responsabilizaban de hacer el cobro y entregar la recaudaci\u00f3n al encargado del proyecto de esa semana, con el fin de poder realizar el cuadre de caja. Los responsables del proyecto, posteriormente pasamos a la liquidaci\u00f3n de gastos con cocina y secretar\u00eda. Por \u00faltimo,  se realiz\u00f3 &nbsp;el an\u00e1lisis de coste que&nbsp;determina la calidad y cantidad de recursos necesarios. Entre otros factores, analizamos el costo del proyecto en t\u00e9rminos de dinero. \u00a1\u00a1Al final, aprendimos un mont\u00f3n de cosas!!<\/p>\n\n\n\n<div class=\"wp-block-file\"><a id=\"wp-block-file--media-2f62961b-dc52-4fc0-8aa0-f3a89e74d18d\" href=\"https:\/\/ieshuarte.educacion.navarra.es\/web1\/wp-content\/uploads\/2022\/06\/UD11-valoracion-jefes-y-empleados-1.docx\">UD11-valoracion-jefes-y-empleados-1<\/a><a href=\"https:\/\/ieshuarte.educacion.navarra.es\/web1\/wp-content\/uploads\/2022\/06\/UD11-valoracion-jefes-y-empleados-1.docx\" class=\"wp-block-file__button\" download aria-describedby=\"wp-block-file--media-2f62961b-dc52-4fc0-8aa0-f3a89e74d18d\">Descarga<\/a><\/div>\n","protected":false},"excerpt":{"rendered":"<p>Reproducimos aqu\u00ed el magn\u00edfico art\u00edculo de Kendry R\u00edos Ram\u00edrez , de 2\u00ba de Servicios Comerciales, en el que explica c\u00f3mo se ha llevado a cabo el proyecto interdisciplinar Comercio-Hosteler\u00eda que tantas alegr\u00edas nos ha dado a quienes hemos disfrutado de la calidad del producto final y de cada uno de los detalles que decoraban las [&hellip;]<\/p>\n","protected":false},"author":1,"featured_media":0,"parent":0,"menu_order":0,"comment_status":"closed","ping_status":"closed","template":"","meta":{"_genesis_hide_title":false,"_genesis_hide_breadcrumbs":false,"_genesis_hide_singular_image":false,"_genesis_hide_footer_widgets":false,"_genesis_custom_body_class":"","_genesis_custom_post_class":"","_genesis_layout":""},"_links":{"self":[{"href":"https:\/\/ciphuarte.educacion.navarra.es\/web1\/wp-json\/wp\/v2\/pages\/2454"}],"collection":[{"href":"https:\/\/ciphuarte.educacion.navarra.es\/web1\/wp-json\/wp\/v2\/pages"}],"about":[{"href":"https:\/\/ciphuarte.educacion.navarra.es\/web1\/wp-json\/wp\/v2\/types\/page"}],"author":[{"embeddable":true,"href":"https:\/\/ciphuarte.educacion.navarra.es\/web1\/wp-json\/wp\/v2\/users\/1"}],"replies":[{"embeddable":true,"href":"https:\/\/ciphuarte.educacion.navarra.es\/web1\/wp-json\/wp\/v2\/comments?post=2454"}],"version-history":[{"count":2,"href":"https:\/\/ciphuarte.educacion.navarra.es\/web1\/wp-json\/wp\/v2\/pages\/2454\/revisions"}],"predecessor-version":[{"id":2463,"href":"https:\/\/ciphuarte.educacion.navarra.es\/web1\/wp-json\/wp\/v2\/pages\/2454\/revisions\/2463"}],"wp:attachment":[{"href":"https:\/\/ciphuarte.educacion.navarra.es\/web1\/wp-json\/wp\/v2\/media?parent=2454"}],"curies":[{"name":"wp","href":"https:\/\/api.w.org\/{rel}","templated":true}]}}