{"id":2559,"date":"2022-09-06T21:55:18","date_gmt":"2022-09-06T19:55:18","guid":{"rendered":"https:\/\/ieshuarte.educacion.navarra.es\/web1\/?page_id=2559"},"modified":"2023-03-18T19:10:52","modified_gmt":"2023-03-18T18:10:52","slug":"ciclos-de-grado-medio-y-grado-superior","status":"publish","type":"page","link":"https:\/\/ciphuarte.educacion.navarra.es\/web1\/ciclos-de-grado-medio-y-grado-superior\/","title":{"rendered":"Grado Medio"},"content":{"rendered":"\n<p class=\"has-text-color has-large-font-size\" style=\"color:#b8babb\"><strong>En horario de ma\u00f1ana<\/strong><\/p>\n\n\n\n<p class=\"has-luminous-vivid-orange-color has-text-color has-medium-font-size\"><strong>Sistemas microinform\u00e1ticos y redes<\/strong><\/p>\n\n\n\n<div class=\"wp-block-media-text alignwide has-media-on-the-right is-stacked-on-mobile is-vertically-aligned-top\" style=\"grid-template-columns:auto 57%\"><figure class=\"wp-block-media-text__media\"><img loading=\"lazy\" width=\"1024\" height=\"768\" src=\"https:\/\/ciphuarte.educacion.navarra.es\/web1\/wp-content\/uploads\/2023\/03\/IMG-1949-1-1024x768.jpg\" alt=\"\" class=\"wp-image-3300 size-full\" srcset=\"https:\/\/ciphuarte.educacion.navarra.es\/web1\/wp-content\/uploads\/2023\/03\/IMG-1949-1-1024x768.jpg 1024w, https:\/\/ciphuarte.educacion.navarra.es\/web1\/wp-content\/uploads\/2023\/03\/IMG-1949-1-300x225.jpg 300w, https:\/\/ciphuarte.educacion.navarra.es\/web1\/wp-content\/uploads\/2023\/03\/IMG-1949-1-768x576.jpg 768w, https:\/\/ciphuarte.educacion.navarra.es\/web1\/wp-content\/uploads\/2023\/03\/IMG-1949-1-1536x1152.jpg 1536w, https:\/\/ciphuarte.educacion.navarra.es\/web1\/wp-content\/uploads\/2023\/03\/IMG-1949-1-2048x1536.jpg 2048w\" sizes=\"(max-width: 1024px) 100vw, 1024px\" \/><\/figure><div class=\"wp-block-media-text__content\">\n<p class=\"has-small-font-size\">Desarrolla su actividad en empresas del sector servicios que se dediquen a la comercializaci\u00f3n, montaje y reparaci\u00f3n de equipos, redes y servicios microinform\u00e1ticos en general, como parte del soporte inform\u00e1tico de la organizaci\u00f3n o en entidades de cualquier tama\u00f1o y sector productivo que utilizan sistemas microinform\u00e1ticos y redes de datos para su gesti\u00f3n.<\/p>\n\n\n\n<p class=\"has-small-font-size\"><strong>Modalidad<\/strong>: presencial DUAL.<\/p>\n\n\n\n<p class=\"has-small-font-size\"><strong><a href=\"https:\/\/www.educacion.navarra.es\/en\/web\/dpto\/formacion-profesional\/gm-ifc_sistemas-microinform%C3%A1ticos-y-redes\">M\u00e1s informaci\u00f3n<\/a><\/strong><\/p>\n<\/div><\/div>\n\n\n\n<p class=\"has-luminous-vivid-orange-color has-text-color has-medium-font-size\"><strong>Mantenimiento electromec\u00e1nico<\/strong><\/p>\n\n\n\n<div class=\"wp-block-media-text alignwide is-stacked-on-mobile is-vertically-aligned-top\" style=\"grid-template-columns:52% auto\"><figure class=\"wp-block-media-text__media\"><img loading=\"lazy\" width=\"1024\" height=\"768\" src=\"https:\/\/ciphuarte.educacion.navarra.es\/web1\/wp-content\/uploads\/2023\/03\/IMG-1931-1-1024x768.jpg\" alt=\"\" class=\"wp-image-3259 size-full\" srcset=\"https:\/\/ciphuarte.educacion.navarra.es\/web1\/wp-content\/uploads\/2023\/03\/IMG-1931-1-1024x768.jpg 1024w, https:\/\/ciphuarte.educacion.navarra.es\/web1\/wp-content\/uploads\/2023\/03\/IMG-1931-1-300x225.jpg 300w, https:\/\/ciphuarte.educacion.navarra.es\/web1\/wp-content\/uploads\/2023\/03\/IMG-1931-1-768x576.jpg 768w, https:\/\/ciphuarte.educacion.navarra.es\/web1\/wp-content\/uploads\/2023\/03\/IMG-1931-1-1536x1152.jpg 1536w, https:\/\/ciphuarte.educacion.navarra.es\/web1\/wp-content\/uploads\/2023\/03\/IMG-1931-1-2048x1536.jpg 2048w\" sizes=\"(max-width: 1024px) 100vw, 1024px\" \/><\/figure><div class=\"wp-block-media-text__content\">\n<p class=\"has-small-font-size\">Ejerce su actividad en empresas, mayoritariamente privadas, dedicadas al montaje y al mantenimiento o instalaciones de maquinaria, equipo industrial y l\u00edneas automatizadas bien por cuenta propia o ajena.<\/p>\n\n\n\n<p class=\"has-small-font-size\"><strong>Modalidad<\/strong>: presencial DUAL.<\/p>\n\n\n\n<p class=\"has-small-font-size\"><a href=\"https:\/\/www.educacion.navarra.es\/en\/web\/dpto\/formacion-profesional\/gm-ima_mantenimiento-electromecanico\"><strong>M\u00e1s informaci\u00f3n.<\/strong><\/a><\/p>\n<\/div><\/div>\n\n\n\n<p><\/p>\n\n\n\n<p class=\"has-text-color has-large-font-size\" style=\"color:#b8babb\"><strong>En horario de tarde<\/strong><\/p>\n\n\n\n<p class=\"has-luminous-vivid-orange-color has-text-color has-medium-font-size\"><strong>Atenci\u00f3n a personas en situaci\u00f3n de dependencia<\/strong><\/p>\n\n\n\n<div class=\"wp-block-media-text alignwide has-media-on-the-right is-stacked-on-mobile is-vertically-aligned-top\" style=\"grid-template-columns:auto 55%\"><figure class=\"wp-block-media-text__media\"><img loading=\"lazy\" width=\"640\" height=\"480\" src=\"https:\/\/ciphuarte.educacion.navarra.es\/web1\/wp-content\/uploads\/2023\/03\/IMG_5520-1.jpg\" alt=\"\" class=\"wp-image-3262 size-full\" srcset=\"https:\/\/ciphuarte.educacion.navarra.es\/web1\/wp-content\/uploads\/2023\/03\/IMG_5520-1.jpg 640w, https:\/\/ciphuarte.educacion.navarra.es\/web1\/wp-content\/uploads\/2023\/03\/IMG_5520-1-300x225.jpg 300w\" sizes=\"(max-width: 640px) 100vw, 640px\" \/><\/figure><div class=\"wp-block-media-text__content\">\n<p class=\"has-small-font-size\">Ejerce su actividad en el sector de servicios a las personas: asistenciales, psicosociales y de apoyo a la gesti\u00f3n dom\u00e9stica.<\/p>\n\n\n\n<p class=\"has-small-font-size\"><strong>Modalidad:<\/strong>&nbsp;presencial DUAL. <\/p>\n\n\n\n<p class=\"has-small-font-size\"><a href=\"https:\/\/www.educacion.navarra.es\/en\/web\/dpto\/formacion-profesional\/gm-ssc_atencion-a-personas-en-situacion-de-dependencia\"><strong>M\u00e1s informaci\u00f3n.<\/strong><\/a><\/p>\n<\/div><\/div>\n\n\n\n<p><\/p>\n\n\n\n<p class=\"has-luminous-vivid-orange-color has-text-color has-medium-font-size\"><strong>Cuidados auxiliares de enfermer\u00eda<\/strong><\/p>\n\n\n\n<div class=\"wp-block-media-text alignwide is-stacked-on-mobile\" style=\"grid-template-columns:57% auto\"><figure class=\"wp-block-media-text__media\"><img loading=\"lazy\" width=\"640\" height=\"480\" src=\"https:\/\/ciphuarte.educacion.navarra.es\/web1\/wp-content\/uploads\/2023\/03\/IMG_5594.jpg\" alt=\"\" class=\"wp-image-3263 size-full\" srcset=\"https:\/\/ciphuarte.educacion.navarra.es\/web1\/wp-content\/uploads\/2023\/03\/IMG_5594.jpg 640w, https:\/\/ciphuarte.educacion.navarra.es\/web1\/wp-content\/uploads\/2023\/03\/IMG_5594-300x225.jpg 300w\" sizes=\"(max-width: 640px) 100vw, 640px\" \/><\/figure><div class=\"wp-block-media-text__content\">\n<p class=\"has-small-font-size\">Desarrolla su actividad en el sistema de Atenci\u00f3n primaria y comunitaria: domiciliaria, promoci\u00f3n de la salud, salud bucodental, consultas y residencias de ancianos; en el sistema de Atenci\u00f3n especializada: consultas, hospitalizaci\u00f3n, urgencias, pediatr\u00eda, unidades especiales (UVI, UCI, etc.) geriatr\u00eda&#8230;<\/p>\n\n\n\n<p class=\"has-small-font-size\"><strong>Modalidad:<\/strong>&nbsp;presencial. <\/p>\n\n\n\n<p class=\"has-small-font-size\"><a href=\"https:\/\/www.educacion.navarra.es\/en\/web\/dpto\/formacion-profesional\/gm-san_cuidados-auxiliares-de-enfermeria\"><strong>M\u00e1s informaci\u00f3n.<\/strong><\/a><\/p>\n<\/div><\/div>\n\n\n\n<p><\/p>\n\n\n\n<p class=\"has-luminous-vivid-orange-color has-text-color has-medium-font-size\"><strong>Electromec\u00e1nica de veh\u00edculos<\/strong><\/p>\n\n\n\n<div class=\"wp-block-media-text alignwide has-media-on-the-right is-stacked-on-mobile is-vertically-aligned-top\" style=\"grid-template-columns:auto 44%\"><figure class=\"wp-block-media-text__media\"><img loading=\"lazy\" width=\"768\" height=\"1024\" src=\"https:\/\/ciphuarte.educacion.navarra.es\/web1\/wp-content\/uploads\/2023\/03\/20230317_160655-1-1-scaled-e1679162717596-768x1024.jpg\" alt=\"\" class=\"wp-image-3306 size-full\" srcset=\"https:\/\/ciphuarte.educacion.navarra.es\/web1\/wp-content\/uploads\/2023\/03\/20230317_160655-1-1-scaled-e1679162717596-768x1024.jpg 768w, https:\/\/ciphuarte.educacion.navarra.es\/web1\/wp-content\/uploads\/2023\/03\/20230317_160655-1-1-scaled-e1679162717596-225x300.jpg 225w, https:\/\/ciphuarte.educacion.navarra.es\/web1\/wp-content\/uploads\/2023\/03\/20230317_160655-1-1-scaled-e1679162717596-1152x1536.jpg 1152w, https:\/\/ciphuarte.educacion.navarra.es\/web1\/wp-content\/uploads\/2023\/03\/20230317_160655-1-1-scaled-e1679162717596-1536x2048.jpg 1536w, https:\/\/ciphuarte.educacion.navarra.es\/web1\/wp-content\/uploads\/2023\/03\/20230317_160655-1-1-scaled-e1679162717596.jpg 1920w\" sizes=\"(max-width: 768px) 100vw, 768px\" \/><\/figure><div class=\"wp-block-media-text__content\">\n<p class=\"has-small-font-size\">Desarrolla su actividad en el sector de construcci\u00f3n y mantenimiento de veh\u00edculos, en los subsectores de autom\u00f3viles, motocicletas y veh\u00edculos pesados.<\/p>\n\n\n\n<p class=\"has-small-font-size\"><strong>Modalidad:<\/strong>\u00a0presencial. <\/p>\n\n\n\n<p class=\"has-small-font-size\"><strong><a href=\"https:\/\/www.educacion.navarra.es\/en\/web\/dpto\/formacion-profesional\/gm-tmv_electromecanica-de-vehiculos-automoviles\">M\u00e1s informaci\u00f3n<\/a><\/strong><\/p>\n<\/div><\/div>\n\n\n\n<p><\/p>\n","protected":false},"excerpt":{"rendered":"<p>En horario de ma\u00f1ana Sistemas microinform\u00e1ticos y redes Desarrolla su actividad en empresas del sector servicios que se dediquen a la comercializaci\u00f3n, montaje y reparaci\u00f3n de equipos, redes y servicios microinform\u00e1ticos en general, como parte del soporte inform\u00e1tico de la organizaci\u00f3n o en entidades de cualquier tama\u00f1o y sector productivo que utilizan sistemas microinform\u00e1ticos y [&hellip;]<\/p>\n","protected":false},"author":1,"featured_media":0,"parent":0,"menu_order":0,"comment_status":"closed","ping_status":"closed","template":"","meta":{"_genesis_hide_title":false,"_genesis_hide_breadcrumbs":false,"_genesis_hide_singular_image":false,"_genesis_hide_footer_widgets":false,"_genesis_custom_body_class":"","_genesis_custom_post_class":"","_genesis_layout":""},"_links":{"self":[{"href":"https:\/\/ciphuarte.educacion.navarra.es\/web1\/wp-json\/wp\/v2\/pages\/2559"}],"collection":[{"href":"https:\/\/ciphuarte.educacion.navarra.es\/web1\/wp-json\/wp\/v2\/pages"}],"about":[{"href":"https:\/\/ciphuarte.educacion.navarra.es\/web1\/wp-json\/wp\/v2\/types\/page"}],"author":[{"embeddable":true,"href":"https:\/\/ciphuarte.educacion.navarra.es\/web1\/wp-json\/wp\/v2\/users\/1"}],"replies":[{"embeddable":true,"href":"https:\/\/ciphuarte.educacion.navarra.es\/web1\/wp-json\/wp\/v2\/comments?post=2559"}],"version-history":[{"count":25,"href":"https:\/\/ciphuarte.educacion.navarra.es\/web1\/wp-json\/wp\/v2\/pages\/2559\/revisions"}],"predecessor-version":[{"id":3307,"href":"https:\/\/ciphuarte.educacion.navarra.es\/web1\/wp-json\/wp\/v2\/pages\/2559\/revisions\/3307"}],"wp:attachment":[{"href":"https:\/\/ciphuarte.educacion.navarra.es\/web1\/wp-json\/wp\/v2\/media?parent=2559"}],"curies":[{"name":"wp","href":"https:\/\/api.w.org\/{rel}","templated":true}]}}