{"id":2574,"date":"2022-09-14T12:48:42","date_gmt":"2022-09-14T10:48:42","guid":{"rendered":"https:\/\/ieshuarte.educacion.navarra.es\/web1\/?page_id=2574"},"modified":"2025-09-08T12:02:05","modified_gmt":"2025-09-08T10:02:05","slug":"guia-para-las-familias","status":"publish","type":"page","link":"https:\/\/ciphuarte.educacion.navarra.es\/web1\/guia-para-las-familias\/","title":{"rendered":"Gu\u00edas de inicio de curso"},"content":{"rendered":"\n<p class=\"has-medium-font-size\"><strong>Ciclos Formativos de Grado B\u00e1sico<\/strong><\/p>\n\n\n\n<figure class=\"wp-block-table is-style-stripes\" style=\"font-size:16px\"><table class=\"has-black-color has-text-color has-background\" style=\"background-color:#f3c0c0\"><thead><tr><th class=\"has-text-align-center\" data-align=\"center\"><strong>FAMILIA PROFESIONAL<\/strong><\/th><th class=\"has-text-align-center\" data-align=\"center\">1\u00ba<\/th><th class=\"has-text-align-center\" data-align=\"center\">2\u00ba<\/th><\/tr><\/thead><tbody><tr><td class=\"has-text-align-center\" data-align=\"center\"><strong>HOSTELER\u00cdA<\/strong><\/td><td class=\"has-text-align-center\" data-align=\"center\"><a href=\"https:\/\/www.canva.com\/design\/DAGPspD9Q5s\/DYOsVZg2jumrt1YbWs9Kcg\/view?utm_content=DAGPspD9Q5s&amp;utm_campaign=designshare&amp;utm_medium=link&amp;utm_source=editor\"><strong>Grupo A<\/strong><br><\/a><a href=\"https:\/\/www.canva.com\/design\/DAGx2fjTzrQ\/AQIqrj9yvY773llct5LClQ\/view?utm_content=DAGx2fjTzrQ&amp;utm_campaign=designshare&amp;utm_medium=link2&amp;utm_source=uniquelinks&amp;utlId=hdeb139ccf1\"><strong>Grupo B<\/strong><\/a><\/td><td class=\"has-text-align-center\" data-align=\"center\"><a href=\"https:\/\/www.canva.com\/design\/DAFs3vthYxc\/15PJVzjlIF9trlgwqCf1dg\/view?utm_content=DAFs3vthYxc&amp;utm_campaign=designshare&amp;utm_medium=link2&amp;utm_source=uniquelinks&amp;utlId=h33524230a5\"><strong>Grupo A<\/strong><br><\/a><strong><a href=\"https:\/\/www.canva.com\/design\/DAGx8OClMk0\/DGvH0pjtbt1u9DhLzPUNyQ\/view?utm_content=DAGx8OClMk0&amp;utm_campaign=designshare&amp;utm_medium=link2&amp;utm_source=uniquelinks&amp;utlId=hdc4ab891c6\">Grupo B<\/a><\/strong><\/td><\/tr><tr><td class=\"has-text-align-center\" data-align=\"center\"><strong>COMERCIO<\/strong><\/td><td class=\"has-text-align-center\" data-align=\"center\"><strong><a href=\"https:\/\/www.canva.com\/design\/DAFs3M_xkxE\/_LnN7wPrVj4bkMv85sjdCw\/view?utm_content=DAFs3M_xkxE&amp;utm_campaign=designshare&amp;utm_medium=link&amp;utm_source=editor\">Gu\u00eda<\/a><\/strong><\/td><td class=\"has-text-align-center\" data-align=\"center\"><strong><a href=\"https:\/\/www.canva.com\/design\/DAFs3vgkOBI\/k5bW8FmyqdnzkZDjnXx-OQ\/view?utm_content=DAFs3vgkOBI&amp;utm_campaign=designshare&amp;utm_medium=link&amp;utm_source=editor\">Gu\u00eda<\/a><\/strong><\/td><\/tr><tr><td class=\"has-text-align-center\" data-align=\"center\"><strong>FABRICACI\u00d3N Y MONTAJE<\/strong><\/td><td class=\"has-text-align-center\" data-align=\"center\"><strong><a href=\"https:\/\/www.canva.com\/design\/DAFs3BAt-k4\/_tum9j-cn7QpUdLM-UuzoQ\/view?utm_content=DAFs3BAt-k4&amp;utm_campaign=designshare&amp;utm_medium=link2&amp;utm_source=uniquelinks&amp;utlId=hf1cbb14422\">Grupo A<\/a><br><a href=\"https:\/\/www.canva.com\/design\/DAGx2BcZd14\/7gBjqubRD4JQ7HgAS2zSTw\/view?utm_content=DAGx2BcZd14&amp;utm_campaign=designshare&amp;utm_medium=link2&amp;utm_source=uniquelinks&amp;utlId=hc7aee24b72\">Grupo B<\/a><\/strong><\/td><td class=\"has-text-align-center\" data-align=\"center\"><strong><a href=\"https:\/\/www.canva.com\/design\/DAFtmjeFdjI\/FE5KlbzO8dYPe0hzqoVPfg\/view?utm_content=DAFtmjeFdjI&amp;utm_campaign=designshare&amp;utm_medium=link&amp;utm_source=editor\">Grupo A<\/a><br><a href=\"https:\/\/www.canva.com\/design\/DAGx6HitL1U\/_f2GSeRyFj-Jca9I8WJdRg\/view?utm_content=DAGx6HitL1U&amp;utm_campaign=designshare&amp;utm_medium=link2&amp;utm_source=uniquelinks&amp;utlId=h4b57766081\">Grupo B<\/a><\/strong><\/td><\/tr><tr><td class=\"has-text-align-center\" data-align=\"center\"><strong>INFORM\u00c1TICA<\/strong><\/td><td class=\"has-text-align-center\" data-align=\"center\"><a href=\"https:\/\/www.canva.com\/design\/DAFs3cen-mM\/R8Ryxz6jnlMG9w1c1ckmdQ\/view?utm_content=DAFs3cen-mM&amp;utm_campaign=designshare&amp;utm_medium=link&amp;utm_source=editor\"><strong>Gu\u00eda<\/strong><\/a><\/td><td class=\"has-text-align-center\" data-align=\"center\"><a href=\"https:\/\/www.canva.com\/design\/DAFtnc-uNm4\/wLWRm0MDfRi5E8e4oM2ubg\/view?utm_content=DAFtnc-uNm4&amp;utm_campaign=designshare&amp;utm_medium=link&amp;utm_source=editor\"><strong>Gu\u00eda<\/strong><\/a><\/td><\/tr><tr><td class=\"has-text-align-center\" data-align=\"center\"><strong>MANTENIMIENTO VEH\u00cdCULOS<\/strong><\/td><td class=\"has-text-align-center\" data-align=\"center\"><strong><a href=\"https:\/\/www.canva.com\/design\/DAFs3tnokS8\/nSXhywFC75eoyVC7ES6dKQ\/view?utm_content=DAFs3tnokS8&amp;utm_campaign=designshare&amp;utm_medium=link&amp;utm_source=editor\">Grupo A<\/a><br><\/strong><a href=\"https:\/\/www.canva.com\/design\/DAGx2mgw3I0\/P22kf3Nqe_XctvEwhoobag\/view?utm_content=DAGx2mgw3I0&amp;utm_campaign=designshare&amp;utm_medium=link2&amp;utm_source=uniquelinks&amp;utlId=h13b8f65910\"><strong>Grupo B<\/strong><\/a><\/td><td class=\"has-text-align-center\" data-align=\"center\"><strong><a href=\"https:\/\/www.canva.com\/design\/DAFtm4HcoIA\/nWjOfGq2Y2TntzT23XwT2g\/view?utm_content=DAFtm4HcoIA&amp;utm_campaign=designshare&amp;utm_medium=link&amp;utm_source=editor\">Grupo A<\/a><br><a href=\"https:\/\/www.canva.com\/design\/DAGx3N4d3A0\/ZmjzjzmIQCMh0op6di_VcQ\/view?utm_content=DAGx3N4d3A0&amp;utm_campaign=designshare&amp;utm_medium=link2&amp;utm_source=uniquelinks&amp;utlId=hf821fbe584\">Grupo B<\/a><\/strong><\/td><\/tr><\/tbody><\/table><figcaption>Entra en el enlace de cada grupo para acceder a la gu\u00eda<\/figcaption><\/figure>\n\n\n\n<p class=\"has-medium-font-size\"><strong>Ciclos Formativos de Grado<\/strong> <strong>Medio<\/strong><\/p>\n\n\n\n<figure class=\"wp-block-table is-style-stripes\" style=\"font-size:16px\"><table class=\"has-black-color has-text-color has-background\" style=\"background-color:#faccab\"><thead><tr><th class=\"has-text-align-center\" data-align=\"center\"><strong>FAMILIA PROFESIONAL<\/strong><\/th><th class=\"has-text-align-center\" data-align=\"center\">1\u00ba<\/th><th class=\"has-text-align-center\" data-align=\"center\">2\u00ba<\/th><\/tr><\/thead><tbody><tr><td class=\"has-text-align-center\" data-align=\"center\"><strong>Atenci\u00f3n a personas en situaci\u00f3n de dependencia<\/strong> <strong>(APSD)<\/strong><\/td><td class=\"has-text-align-center\" data-align=\"center\"><a href=\"https:\/\/www.canva.com\/design\/DAFs6UFiAHQ\/Apcarm4ZS-JTSn6dum445Q\/view?utm_content=DAFs6UFiAHQ&amp;utm_campaign=designshare&amp;utm_medium=link&amp;utm_source=editor\"><strong>Gu\u00eda<\/strong><\/a><\/td><td class=\"has-text-align-center\" data-align=\"center\"><a href=\"https:\/\/www.canva.com\/design\/DAFs6UFiAHQ\/Apcarm4ZS-JTSn6dum445Q\/view?utm_content=DAFs6UFiAHQ&amp;utm_campaign=designshare&amp;utm_medium=link&amp;utm_source=editor\"><strong>Gu\u00eda<\/strong><\/a><\/td><\/tr><tr><td class=\"has-text-align-center\" data-align=\"center\"><strong>Cuidados auxiliares de enfermer\u00eda<\/strong> <strong>(CAE)<\/strong><\/td><td class=\"has-text-align-center\" data-align=\"center\"><a href=\"https:\/\/www.canva.com\/design\/DAFs7Z_aOr0\/jkA2BDtHtKLXVhlJcs2bcg\/view?utm_content=DAFs7Z_aOr0&amp;utm_campaign=designshare&amp;utm_medium=link&amp;utm_source=editor\"><strong>Gu\u00eda<\/strong><\/a><\/td><td class=\"has-text-align-center\" data-align=\"center\"><\/td><\/tr><tr><td class=\"has-text-align-center\" data-align=\"center\"><strong>Electromec\u00e1nica del veh\u00edculo<\/strong><\/td><td class=\"has-text-align-center\" data-align=\"center\"><a href=\"https:\/\/www.canva.com\/design\/DAFs73igdqY\/Sz8iVQy6XzYx0nkEjISSNw\/view?utm_content=DAFs73igdqY&amp;utm_campaign=designshare&amp;utm_medium=link&amp;utm_source=editor\"><strong>Gu\u00eda<\/strong><\/a><\/td><td class=\"has-text-align-center\" data-align=\"center\"><a href=\"https:\/\/www.canva.com\/design\/DAFts7jxJ4M\/Cr2MrinWRYz0jSs2dRch0g\/view?utm_content=DAFts7jxJ4M&amp;utm_campaign=designshare&amp;utm_medium=link&amp;utm_source=editor\"><strong>Gu\u00eda<\/strong><\/a><\/td><\/tr><tr><td class=\"has-text-align-center\" data-align=\"center\"><strong>Mantenimiento electromec\u00e1nico<\/strong><\/td><td class=\"has-text-align-center\" data-align=\"center\"><a href=\"https:\/\/www.canva.com\/design\/DAFs72hJA_Y\/1wV_sMtJUnhA3CC7i4fXvg\/view?utm_content=DAFs72hJA_Y&amp;utm_campaign=designshare&amp;utm_medium=link&amp;utm_source=editor\"><strong>Gu\u00eda<\/strong><\/a><\/td><td class=\"has-text-align-center\" data-align=\"center\"><a href=\"https:\/\/www.canva.com\/design\/DAFtsa_41zU\/363MdZPPrkNxN8kLkev51w\/view?utm_content=DAFtsa_41zU&amp;utm_campaign=designshare&amp;utm_medium=link&amp;utm_source=editor\"><strong>Gu\u00eda<\/strong><\/a><\/td><\/tr><tr><td class=\"has-text-align-center\" data-align=\"center\"><strong>Sistemas microinform\u00e1ticos y redes (SMIR)<\/strong><\/td><td class=\"has-text-align-center\" data-align=\"center\"><a href=\"https:\/\/www.canva.com\/design\/DAFs_cPtBM0\/LG6KdTykri7tjoxrPIs2uQ\/view?utm_content=DAFs_cPtBM0&amp;utm_campaign=designshare&amp;utm_medium=link&amp;utm_source=editor\"><strong>Gu\u00eda<\/strong><\/a><\/td><td class=\"has-text-align-center\" data-align=\"center\"><strong><a href=\"https:\/\/www.canva.com\/design\/DAFtvb4woRE\/Guvd4pl1_BNgvpJk5bDF7A\/view?utm_content=DAFtvb4woRE&amp;utm_campaign=designshare&amp;utm_medium=link&amp;utm_source=editor\">Gu\u00eda<\/a><\/strong><\/td><\/tr><\/tbody><\/table><figcaption>Entra en el enlace de cada grupo para acceder a la gu\u00eda<\/figcaption><\/figure>\n\n\n\n<p class=\"has-medium-font-size\"><strong>Ciclos Formativos de Grado<\/strong> <strong>Superior<\/strong><\/p>\n\n\n\n<figure class=\"wp-block-table is-style-stripes\" style=\"font-size:16px\"><table class=\"has-black-color has-pale-cyan-blue-background-color has-text-color has-background\"><thead><tr><th class=\"has-text-align-center\" data-align=\"center\"><strong>FAMILIA PROFESIONAL<\/strong><\/th><th class=\"has-text-align-center\" data-align=\"center\">1\u00ba y 2\u00ba<\/th><\/tr><\/thead><tbody><tr><td class=\"has-text-align-center\" data-align=\"center\"><strong>Integraci\u00f3n social<\/strong><\/td><td class=\"has-text-align-center\" data-align=\"center\"><strong><a href=\"https:\/\/www.canva.com\/design\/DAFtCC-vGuA\/crR3WmwGLxGOm3Dij6kZ-Q\/view?utm_content=DAFtCC-vGuA&amp;utm_campaign=designshare&amp;utm_medium=link&amp;utm_source=editor\">Gu\u00eda<\/a><\/strong><\/td><\/tr><\/tbody><\/table><figcaption>Entra en el enlace de cada grupo para acceder a la gu\u00eda<\/figcaption><\/figure>\n\n\n\n<p><\/p>\n","protected":false},"excerpt":{"rendered":"<p>Ciclos Formativos de Grado B\u00e1sico FAMILIA PROFESIONAL 1\u00ba 2\u00ba HOSTELER\u00cdA Grupo AGrupo B Grupo AGrupo B COMERCIO Gu\u00eda Gu\u00eda FABRICACI\u00d3N Y MONTAJE Grupo AGrupo B Grupo AGrupo B INFORM\u00c1TICA Gu\u00eda Gu\u00eda MANTENIMIENTO VEH\u00cdCULOS Grupo AGrupo B Grupo AGrupo B Entra en el enlace de cada grupo para acceder a la gu\u00eda Ciclos Formativos de Grado [&hellip;]<\/p>\n","protected":false},"author":1,"featured_media":0,"parent":0,"menu_order":0,"comment_status":"closed","ping_status":"closed","template":"","meta":{"_genesis_hide_title":false,"_genesis_hide_breadcrumbs":false,"_genesis_hide_singular_image":false,"_genesis_hide_footer_widgets":false,"_genesis_custom_body_class":"","_genesis_custom_post_class":"","_genesis_layout":""},"_links":{"self":[{"href":"https:\/\/ciphuarte.educacion.navarra.es\/web1\/wp-json\/wp\/v2\/pages\/2574"}],"collection":[{"href":"https:\/\/ciphuarte.educacion.navarra.es\/web1\/wp-json\/wp\/v2\/pages"}],"about":[{"href":"https:\/\/ciphuarte.educacion.navarra.es\/web1\/wp-json\/wp\/v2\/types\/page"}],"author":[{"embeddable":true,"href":"https:\/\/ciphuarte.educacion.navarra.es\/web1\/wp-json\/wp\/v2\/users\/1"}],"replies":[{"embeddable":true,"href":"https:\/\/ciphuarte.educacion.navarra.es\/web1\/wp-json\/wp\/v2\/comments?post=2574"}],"version-history":[{"count":66,"href":"https:\/\/ciphuarte.educacion.navarra.es\/web1\/wp-json\/wp\/v2\/pages\/2574\/revisions"}],"predecessor-version":[{"id":5294,"href":"https:\/\/ciphuarte.educacion.navarra.es\/web1\/wp-json\/wp\/v2\/pages\/2574\/revisions\/5294"}],"wp:attachment":[{"href":"https:\/\/ciphuarte.educacion.navarra.es\/web1\/wp-json\/wp\/v2\/media?parent=2574"}],"curies":[{"name":"wp","href":"https:\/\/api.w.org\/{rel}","templated":true}]}}