{"id":2618,"date":"2022-09-25T10:22:18","date_gmt":"2022-09-25T08:22:18","guid":{"rendered":"https:\/\/ieshuarte.educacion.navarra.es\/web1\/?page_id=2618"},"modified":"2024-05-10T11:41:10","modified_gmt":"2024-05-10T09:41:10","slug":"ciclo-de-grado-superior","status":"publish","type":"page","link":"https:\/\/ciphuarte.educacion.navarra.es\/web1\/ciclo-de-grado-superior\/","title":{"rendered":"Grado Superior"},"content":{"rendered":"\n<p class=\"has-vivid-cyan-blue-color has-text-color has-medium-font-size\"><strong>Integraci\u00f3n social<\/strong><\/p>\n\n\n\n<div class=\"wp-block-media-text alignwide is-stacked-on-mobile is-vertically-aligned-bottom\" style=\"grid-template-columns:59% auto\"><figure class=\"wp-block-media-text__media\"><img loading=\"lazy\" width=\"640\" height=\"480\" src=\"https:\/\/ciphuarte.educacion.navarra.es\/web1\/wp-content\/uploads\/2023\/03\/IMG_5539-1.jpg\" alt=\"\" class=\"wp-image-3269 size-full\" srcset=\"https:\/\/ciphuarte.educacion.navarra.es\/web1\/wp-content\/uploads\/2023\/03\/IMG_5539-1.jpg 640w, https:\/\/ciphuarte.educacion.navarra.es\/web1\/wp-content\/uploads\/2023\/03\/IMG_5539-1-300x225.jpg 300w\" sizes=\"(max-width: 640px) 100vw, 640px\" \/><\/figure><div class=\"wp-block-media-text__content\">\n<p class=\"has-small-font-size\">Ejerce su actividad en el sector de los servicios a las personas: asistenciales, educativa, de apoyo en la gesti\u00f3n dom\u00e9stica y psicosociales, y en el sector de los servicios a la comunidad: atenci\u00f3n psicosocial a colectivos y personas en desventaja social, mediaci\u00f3n comunitaria, inserci\u00f3n ocupacional y laboral y promoci\u00f3n de igualdad de oportunidades.<\/p>\n\n\n\n<p class=\"has-small-font-size\"><strong>Modalidades:&nbsp;<\/strong>presencial DUAL. <\/p>\n\n\n\n<p class=\"has-small-font-size\"><strong>Online para el curso 2024\/25.<\/strong><\/p>\n\n\n\n<p class=\"has-small-font-size\"><strong>Idioma:&nbsp;<\/strong>castellano-ingl\u00e9s (FP biling\u00fce). <a href=\"https:\/\/www.educacion.navarra.es\/en\/web\/dpto\/formacion-profesional\/gs-ssc_integracion-social\">M\u00e1s informaci\u00f3n<\/a><\/p>\n<\/div><\/div>\n\n\n\n<p><\/p>\n\n\n\n<p><\/p>\n","protected":false},"excerpt":{"rendered":"<p>Integraci\u00f3n social Ejerce su actividad en el sector de los servicios a las personas: asistenciales, educativa, de apoyo en la gesti\u00f3n dom\u00e9stica y psicosociales, y en el sector de los servicios a la comunidad: atenci\u00f3n psicosocial a colectivos y personas en desventaja social, mediaci\u00f3n comunitaria, inserci\u00f3n ocupacional y laboral y promoci\u00f3n de igualdad de oportunidades. [&hellip;]<\/p>\n","protected":false},"author":1,"featured_media":0,"parent":0,"menu_order":0,"comment_status":"closed","ping_status":"closed","template":"","meta":{"_genesis_hide_title":false,"_genesis_hide_breadcrumbs":false,"_genesis_hide_singular_image":false,"_genesis_hide_footer_widgets":false,"_genesis_custom_body_class":"","_genesis_custom_post_class":"","_genesis_layout":""},"_links":{"self":[{"href":"https:\/\/ciphuarte.educacion.navarra.es\/web1\/wp-json\/wp\/v2\/pages\/2618"}],"collection":[{"href":"https:\/\/ciphuarte.educacion.navarra.es\/web1\/wp-json\/wp\/v2\/pages"}],"about":[{"href":"https:\/\/ciphuarte.educacion.navarra.es\/web1\/wp-json\/wp\/v2\/types\/page"}],"author":[{"embeddable":true,"href":"https:\/\/ciphuarte.educacion.navarra.es\/web1\/wp-json\/wp\/v2\/users\/1"}],"replies":[{"embeddable":true,"href":"https:\/\/ciphuarte.educacion.navarra.es\/web1\/wp-json\/wp\/v2\/comments?post=2618"}],"version-history":[{"count":9,"href":"https:\/\/ciphuarte.educacion.navarra.es\/web1\/wp-json\/wp\/v2\/pages\/2618\/revisions"}],"predecessor-version":[{"id":4320,"href":"https:\/\/ciphuarte.educacion.navarra.es\/web1\/wp-json\/wp\/v2\/pages\/2618\/revisions\/4320"}],"wp:attachment":[{"href":"https:\/\/ciphuarte.educacion.navarra.es\/web1\/wp-json\/wp\/v2\/media?parent=2618"}],"curies":[{"name":"wp","href":"https:\/\/api.w.org\/{rel}","templated":true}]}}