{"id":2620,"date":"2022-09-25T10:22:38","date_gmt":"2022-09-25T08:22:38","guid":{"rendered":"https:\/\/ieshuarte.educacion.navarra.es\/web1\/?page_id=2620"},"modified":"2025-10-28T13:45:52","modified_gmt":"2025-10-28T12:45:52","slug":"formacion-para-el-empleo","status":"publish","type":"page","link":"https:\/\/ciphuarte.educacion.navarra.es\/web1\/formacion-para-el-empleo\/","title":{"rendered":"Formaci\u00f3n para el empleo"},"content":{"rendered":"\n<p class=\"has-text-align-left has-luminous-vivid-orange-color has-white-background-color has-text-color has-background\" style=\"font-size:16px\">Pincha en <strong><a href=\"http:\/\/educacion.navarra.es\/it\/web\/dpto\/fp-empleo\/oferta\/cip-huarte\">este enlace<\/a><\/strong> para acceder a las diferentes ofertas de formaci\u00f3n que se llevan a cabo en el CIP Huarte.<\/p>\n\n\n\n<p class=\"has-text-align-left has-luminous-vivid-orange-color has-white-background-color has-text-color has-background\" style=\"font-size:16px\">La&nbsp;inscripci\u00f3n&nbsp;para los cursos dirigidos&nbsp;preferentemente a desempleadas-os, se realizar\u00e1 en&nbsp;la siguiente<strong>&nbsp;<a rel=\"noreferrer noopener\" href=\"https:\/\/formacion.navarra.es\/es\/\" target=\"_blank\">web<\/a>&nbsp;<\/strong>y en las&nbsp;Agencias de Empleo&nbsp;correspondientes con&nbsp;cita previa.<\/p>\n\n\n\n<div class=\"wp-block-media-text alignwide is-stacked-on-mobile is-vertically-aligned-top\" style=\"grid-template-columns:24% auto\"><figure class=\"wp-block-media-text__media\"><img loading=\"lazy\" width=\"768\" height=\"1024\" src=\"https:\/\/ciphuarte.educacion.navarra.es\/web1\/wp-content\/uploads\/2023\/03\/20230306_161100-1-1-scaled-e1678920567381-768x1024.jpg\" alt=\"\" class=\"wp-image-3220 size-full\" srcset=\"https:\/\/ciphuarte.educacion.navarra.es\/web1\/wp-content\/uploads\/2023\/03\/20230306_161100-1-1-scaled-e1678920567381-768x1024.jpg 768w, https:\/\/ciphuarte.educacion.navarra.es\/web1\/wp-content\/uploads\/2023\/03\/20230306_161100-1-1-scaled-e1678920567381-225x300.jpg 225w, https:\/\/ciphuarte.educacion.navarra.es\/web1\/wp-content\/uploads\/2023\/03\/20230306_161100-1-1-scaled-e1678920567381-1152x1536.jpg 1152w, https:\/\/ciphuarte.educacion.navarra.es\/web1\/wp-content\/uploads\/2023\/03\/20230306_161100-1-1-scaled-e1678920567381-1536x2048.jpg 1536w, https:\/\/ciphuarte.educacion.navarra.es\/web1\/wp-content\/uploads\/2023\/03\/20230306_161100-1-1-scaled-e1678920567381.jpg 1920w\" sizes=\"(max-width: 768px) 100vw, 768px\" \/><\/figure><div class=\"wp-block-media-text__content\">\n<p class=\"has-small-font-size\">Son formaciones de diferentes tipos y amplitud: desde formaciones de&nbsp;<strong>Certificado de Profesionalidad<\/strong>&nbsp;completo, pasando por formaciones de&nbsp;<strong>M\u00f3dulos formativos<\/strong>, hasta llegar a las formaciones de menor duraci\u00f3n, las de las&nbsp;<strong>Unidades formativas<\/strong>. <\/p>\n\n\n\n<p class=\"has-small-font-size\">Esta variedad de formaci\u00f3n se adec\u00faa a las caracter\u00edsticas y necesidades de las persona que las cursan (personas en situaci\u00f3n de desempleo y trabajadoras y trabajadores ocupadas\/os).<\/p>\n\n\n\n<p style=\"font-size:15px\"><strong>Para m\u00e1s informaci\u00f3n: <\/strong>&nbsp;<strong><a href=\"https:\/\/www.educacion.navarra.es\/en\/web\/dpto\/formacion-profesional-para-el-empleo\">fpempleo.educacion@navarra.es<\/a><\/strong>&nbsp;&nbsp;   <strong>Tel.<\/strong> <strong>&nbsp;848423252 &nbsp; &nbsp;&nbsp; 848428616 &nbsp;&nbsp;<\/strong>&nbsp;<\/p>\n\n\n\n<p class=\"has-small-font-size\">&nbsp;&nbsp;&nbsp;<\/p>\n<\/div><\/div>\n\n\n\n<hr class=\"wp-block-separator\"\/>\n\n\n\n<p style=\"font-size:16px\"><\/p>\n","protected":false},"excerpt":{"rendered":"<p>Pincha en este enlace para acceder a las diferentes ofertas de formaci\u00f3n que se llevan a cabo en el CIP Huarte. La&nbsp;inscripci\u00f3n&nbsp;para los cursos dirigidos&nbsp;preferentemente a desempleadas-os, se realizar\u00e1 en&nbsp;la siguiente&nbsp;web&nbsp;y en las&nbsp;Agencias de Empleo&nbsp;correspondientes con&nbsp;cita previa. Son formaciones de diferentes tipos y amplitud: desde formaciones de&nbsp;Certificado de Profesionalidad&nbsp;completo, pasando por formaciones de&nbsp;M\u00f3dulos formativos, hasta [&hellip;]<\/p>\n","protected":false},"author":1,"featured_media":3366,"parent":0,"menu_order":0,"comment_status":"closed","ping_status":"closed","template":"","meta":{"_genesis_hide_title":false,"_genesis_hide_breadcrumbs":false,"_genesis_hide_singular_image":false,"_genesis_hide_footer_widgets":false,"_genesis_custom_body_class":"","_genesis_custom_post_class":"","_genesis_layout":""},"_links":{"self":[{"href":"https:\/\/ciphuarte.educacion.navarra.es\/web1\/wp-json\/wp\/v2\/pages\/2620"}],"collection":[{"href":"https:\/\/ciphuarte.educacion.navarra.es\/web1\/wp-json\/wp\/v2\/pages"}],"about":[{"href":"https:\/\/ciphuarte.educacion.navarra.es\/web1\/wp-json\/wp\/v2\/types\/page"}],"author":[{"embeddable":true,"href":"https:\/\/ciphuarte.educacion.navarra.es\/web1\/wp-json\/wp\/v2\/users\/1"}],"replies":[{"embeddable":true,"href":"https:\/\/ciphuarte.educacion.navarra.es\/web1\/wp-json\/wp\/v2\/comments?post=2620"}],"version-history":[{"count":16,"href":"https:\/\/ciphuarte.educacion.navarra.es\/web1\/wp-json\/wp\/v2\/pages\/2620\/revisions"}],"predecessor-version":[{"id":5315,"href":"https:\/\/ciphuarte.educacion.navarra.es\/web1\/wp-json\/wp\/v2\/pages\/2620\/revisions\/5315"}],"wp:featuredmedia":[{"embeddable":true,"href":"https:\/\/ciphuarte.educacion.navarra.es\/web1\/wp-json\/wp\/v2\/media\/3366"}],"wp:attachment":[{"href":"https:\/\/ciphuarte.educacion.navarra.es\/web1\/wp-json\/wp\/v2\/media?parent=2620"}],"curies":[{"name":"wp","href":"https:\/\/api.w.org\/{rel}","templated":true}]}}