{"id":3354,"date":"2023-03-25T10:23:33","date_gmt":"2023-03-25T09:23:33","guid":{"rendered":"https:\/\/ciphuarte.educacion.navarra.es\/web1\/?page_id=3354"},"modified":"2023-03-25T10:23:33","modified_gmt":"2023-03-25T09:23:33","slug":"huartemania","status":"publish","type":"page","link":"https:\/\/ciphuarte.educacion.navarra.es\/web1\/huartemania\/","title":{"rendered":"Huarteman\u00eda"},"content":{"rendered":"\n<div class=\"wp-block-media-text alignwide is-stacked-on-mobile\" style=\"grid-template-columns:29% auto\"><figure class=\"wp-block-media-text__media\"><a href=\"https:\/\/www.huartemania.com\/\"><img loading=\"lazy\" width=\"400\" height=\"400\" src=\"https:\/\/ciphuarte.educacion.navarra.es\/web1\/wp-content\/uploads\/2023\/03\/logo-huartemania.jpg\" alt=\"\" class=\"wp-image-3344 size-full\" srcset=\"https:\/\/ciphuarte.educacion.navarra.es\/web1\/wp-content\/uploads\/2023\/03\/logo-huartemania.jpg 400w, https:\/\/ciphuarte.educacion.navarra.es\/web1\/wp-content\/uploads\/2023\/03\/logo-huartemania-300x300.jpg 300w, https:\/\/ciphuarte.educacion.navarra.es\/web1\/wp-content\/uploads\/2023\/03\/logo-huartemania-150x150.jpg 150w\" sizes=\"(max-width: 400px) 100vw, 400px\" \/><\/a><\/figure><div class=\"wp-block-media-text__content\">\n<p class=\"has-black-color has-text-color has-medium-font-size\">Pincha en la imagen para acceder a Huarteman\u00eda, nuestra revista digital de centro que nace como parte del m\u00f3dulo de programaci\u00f3n en el Grado Medio de sistemas microinform\u00e1ticos y redes y que alberga contenidos relacionados con todas las especialidades dele centro.<\/p>\n<\/div><\/div>\n\n\n\n<p><\/p>\n","protected":false},"excerpt":{"rendered":"<p>Pincha en la imagen para acceder a Huarteman\u00eda, nuestra revista digital de centro que nace como parte del m\u00f3dulo de programaci\u00f3n en el Grado Medio de sistemas microinform\u00e1ticos y redes y que alberga contenidos relacionados con todas las especialidades dele centro.<\/p>\n","protected":false},"author":1,"featured_media":0,"parent":0,"menu_order":0,"comment_status":"closed","ping_status":"closed","template":"","meta":{"_genesis_hide_title":false,"_genesis_hide_breadcrumbs":false,"_genesis_hide_singular_image":false,"_genesis_hide_footer_widgets":false,"_genesis_custom_body_class":"","_genesis_custom_post_class":"","_genesis_layout":""},"_links":{"self":[{"href":"https:\/\/ciphuarte.educacion.navarra.es\/web1\/wp-json\/wp\/v2\/pages\/3354"}],"collection":[{"href":"https:\/\/ciphuarte.educacion.navarra.es\/web1\/wp-json\/wp\/v2\/pages"}],"about":[{"href":"https:\/\/ciphuarte.educacion.navarra.es\/web1\/wp-json\/wp\/v2\/types\/page"}],"author":[{"embeddable":true,"href":"https:\/\/ciphuarte.educacion.navarra.es\/web1\/wp-json\/wp\/v2\/users\/1"}],"replies":[{"embeddable":true,"href":"https:\/\/ciphuarte.educacion.navarra.es\/web1\/wp-json\/wp\/v2\/comments?post=3354"}],"version-history":[{"count":1,"href":"https:\/\/ciphuarte.educacion.navarra.es\/web1\/wp-json\/wp\/v2\/pages\/3354\/revisions"}],"predecessor-version":[{"id":3355,"href":"https:\/\/ciphuarte.educacion.navarra.es\/web1\/wp-json\/wp\/v2\/pages\/3354\/revisions\/3355"}],"wp:attachment":[{"href":"https:\/\/ciphuarte.educacion.navarra.es\/web1\/wp-json\/wp\/v2\/media?parent=3354"}],"curies":[{"name":"wp","href":"https:\/\/api.w.org\/{rel}","templated":true}]}}