{"id":4355,"date":"2024-05-31T13:08:07","date_gmt":"2024-05-31T11:08:07","guid":{"rendered":"https:\/\/ciphuarte.educacion.navarra.es\/web1\/?page_id=4355"},"modified":"2026-03-31T11:52:00","modified_gmt":"2026-03-31T09:52:00","slug":"grado-superior-online-2","status":"publish","type":"page","link":"https:\/\/ciphuarte.educacion.navarra.es\/web1\/grado-superior-online-2\/","title":{"rendered":"Grado Superior online"},"content":{"rendered":"\n<p class=\"has-text-align-center has-luminous-vivid-orange-color has-text-color has-medium-font-size\"><strong>Fechas para la admisi\u00f3n en FP online para el curso 2026-202<\/strong>7<\/p>\n\n\n\n<div class=\"wp-container-2 wp-block-group alignfull has-text-color has-background\" style=\"background-color:#ffffff;color:#000000\"><div class=\"wp-block-group__inner-container\">\n<h2 class=\"has-text-align-center\" id=\"schedule-a-visit\" style=\"font-size:40px;line-height:1.15\"><strong>Inscripci\u00f3n<\/strong><\/h2>\n\n\n\n<div class=\"wp-container-1 wp-block-buttons\">\n<div class=\"wp-block-button has-custom-width wp-block-button__width-50\"><a class=\"wp-block-button__link has-luminous-vivid-orange-background-color has-text-color has-background\" href=\"https:\/\/www.navarra.es\/es\/tramites\/on\/-\/line\/Formacion-Profesional-on-line\" style=\"border-radius:50px;color:#ffffff\">M\u00e1s informaci\u00f3n<\/a><\/div>\n<\/div>\n<\/div><\/div>\n\n\n\n<hr class=\"wp-block-separator\"\/>\n\n\n\n<p class=\"has-text-align-center has-luminous-vivid-orange-color has-text-color has-medium-font-size\"><strong>M\u00f3dulos ofertados<\/strong><\/p>\n\n\n\n<figure class=\"wp-block-gallery has-nested-images columns-default is-cropped\">\n<figure class=\"wp-block-image size-large\"><img loading=\"lazy\" width=\"722\" height=\"594\" data-id=\"5519\"  src=\"https:\/\/ciphuarte.educacion.navarra.es\/web1\/wp-content\/uploads\/2026\/03\/oferaq-modulo-plan-nuevo.png\" alt=\"\" class=\"wp-image-5519\" srcset=\"https:\/\/ciphuarte.educacion.navarra.es\/web1\/wp-content\/uploads\/2026\/03\/oferaq-modulo-plan-nuevo.png 722w, https:\/\/ciphuarte.educacion.navarra.es\/web1\/wp-content\/uploads\/2026\/03\/oferaq-modulo-plan-nuevo-300x247.png 300w\" sizes=\"(max-width: 722px) 100vw, 722px\" \/><\/figure>\n\n\n\n<figure class=\"wp-block-image size-large\"><img loading=\"lazy\" width=\"751\" height=\"524\" data-id=\"5520\"  src=\"https:\/\/ciphuarte.educacion.navarra.es\/web1\/wp-content\/uploads\/2026\/03\/oferta-modulos-GS-plan-antiguo.png\" alt=\"\" class=\"wp-image-5520\" srcset=\"https:\/\/ciphuarte.educacion.navarra.es\/web1\/wp-content\/uploads\/2026\/03\/oferta-modulos-GS-plan-antiguo.png 751w, https:\/\/ciphuarte.educacion.navarra.es\/web1\/wp-content\/uploads\/2026\/03\/oferta-modulos-GS-plan-antiguo-300x209.png 300w\" sizes=\"(max-width: 751px) 100vw, 751px\" \/><\/figure>\n<\/figure>\n","protected":false},"excerpt":{"rendered":"<p>Fechas para la admisi\u00f3n en FP online para el curso 2026-2027 Inscripci\u00f3n M\u00f3dulos ofertados<\/p>\n","protected":false},"author":1,"featured_media":0,"parent":0,"menu_order":0,"comment_status":"closed","ping_status":"closed","template":"","meta":{"_genesis_hide_title":false,"_genesis_hide_breadcrumbs":false,"_genesis_hide_singular_image":false,"_genesis_hide_footer_widgets":false,"_genesis_custom_body_class":"","_genesis_custom_post_class":"","_genesis_layout":""},"_links":{"self":[{"href":"https:\/\/ciphuarte.educacion.navarra.es\/web1\/wp-json\/wp\/v2\/pages\/4355"}],"collection":[{"href":"https:\/\/ciphuarte.educacion.navarra.es\/web1\/wp-json\/wp\/v2\/pages"}],"about":[{"href":"https:\/\/ciphuarte.educacion.navarra.es\/web1\/wp-json\/wp\/v2\/types\/page"}],"author":[{"embeddable":true,"href":"https:\/\/ciphuarte.educacion.navarra.es\/web1\/wp-json\/wp\/v2\/users\/1"}],"replies":[{"embeddable":true,"href":"https:\/\/ciphuarte.educacion.navarra.es\/web1\/wp-json\/wp\/v2\/comments?post=4355"}],"version-history":[{"count":16,"href":"https:\/\/ciphuarte.educacion.navarra.es\/web1\/wp-json\/wp\/v2\/pages\/4355\/revisions"}],"predecessor-version":[{"id":5523,"href":"https:\/\/ciphuarte.educacion.navarra.es\/web1\/wp-json\/wp\/v2\/pages\/4355\/revisions\/5523"}],"wp:attachment":[{"href":"https:\/\/ciphuarte.educacion.navarra.es\/web1\/wp-json\/wp\/v2\/media?parent=4355"}],"curies":[{"name":"wp","href":"https:\/\/api.w.org\/{rel}","templated":true}]}}