{"id":5046,"date":"2025-04-17T10:34:04","date_gmt":"2025-04-17T08:34:04","guid":{"rendered":"https:\/\/ciphuarte.educacion.navarra.es\/web1\/?page_id=5046"},"modified":"2026-03-31T11:43:38","modified_gmt":"2026-03-31T09:43:38","slug":"pruebas-de-acceso-a-gm-cae","status":"publish","type":"page","link":"https:\/\/ciphuarte.educacion.navarra.es\/web1\/pruebas-de-acceso-a-gm-cae\/","title":{"rendered":"Pruebas de acceso a GM CAE"},"content":{"rendered":"\n<p class=\"has-text-align-center has-black-color has-pale-cyan-blue-background-color has-text-color has-background has-medium-font-size\"><strong>Pruebas libres para obtener el t\u00edtulo de Grado Medio en Cuidados auxiliares de enfermer\u00eda<\/strong><\/p>\n\n\n\n<ul><li>Publicaci\u00f3n del 26\/03 <strong><a href=\"https:\/\/drive.google.com\/file\/d\/1oRHqKb9-uKrtplWHRLIHe0NIQW3I8cc_\/view?usp=sharing\">Listado PROVISIONAL de personas admitidas, admitidas sin plaza y excluidas.<\/a><\/strong><\/li><li><strong>PERIODO DE RECLAMACI\u00d3N DEL 27 MARZO AL 1 DE ABRIL<\/strong><\/li><li><strong>Enviar <a href=\"ciphuarte-secretaria3@educacion.navarra.es\">impreso de reclamaci\u00f3n<\/a> cumplimentado al correo<\/strong>: <a href=\"ciphuarte-secretaria3@educacion.navarra.es\">ciphuarte-secretaria3@educacion.navarra.es<\/a><\/li><li><a href=\"https:\/\/docs.google.com\/document\/d\/e\/2PACX-1vQipyRhgY3tN8IqayUKnd6A3CzcJgwOweSLU02NGB-6mW2uFeMtsuggiHr07WDqLA\/pub\"><strong>IMPRESO&nbsp;DE RECLAMACI\u00d3N<\/strong><\/a><\/li><\/ul>\n\n\n\n<div class=\"wp-block-columns\">\n<div class=\"wp-block-column\">\n<div class=\"wp-container-1 wp-block-buttons\"><\/div>\n<\/div>\n\n\n\n<div class=\"wp-block-column\">\n<div class=\"wp-container-2 wp-block-buttons\">\n<div class=\"wp-block-button aligncenter\"><a class=\"wp-block-button__link has-luminous-vivid-orange-background-color has-background\" href=\"https:\/\/www.navarra.es\/es\/tramites\/on\/-\/line\/Pruebas-libres-para-la-obtencion-de-titulos-de-Formacion-Profesional\">Acceso a Convocatoria<\/a><\/div>\n<\/div>\n<\/div>\n<\/div>\n\n\n\n<div class=\"wp-container-3 wp-block-buttons\"><\/div>\n\n\n\n<hr class=\"wp-block-separator\"\/>\n\n\n\n<h2 class=\"has-text-align-center has-vivid-cyan-blue-color has-text-color\"><a href=\"https:\/\/www.navarra.es\/documents\/48192\/6701165\/2026.Calendario+PrurebasLibres.pdf\">Calendario convocatoria 2026<\/a><\/h2>\n\n\n\n<figure class=\"wp-block-image size-full\"><img loading=\"lazy\" width=\"850\" height=\"475\" src=\"https:\/\/ciphuarte.educacion.navarra.es\/web1\/wp-content\/uploads\/2026\/03\/cae-modificado.png\" alt=\"\" class=\"wp-image-5516\" srcset=\"https:\/\/ciphuarte.educacion.navarra.es\/web1\/wp-content\/uploads\/2026\/03\/cae-modificado.png 850w, https:\/\/ciphuarte.educacion.navarra.es\/web1\/wp-content\/uploads\/2026\/03\/cae-modificado-300x168.png 300w, https:\/\/ciphuarte.educacion.navarra.es\/web1\/wp-content\/uploads\/2026\/03\/cae-modificado-768x429.png 768w\" sizes=\"(max-width: 850px) 100vw, 850px\" \/><\/figure>\n\n\n\n<hr class=\"wp-block-separator\"\/>\n\n\n\n<h2 class=\"has-text-align-center has-vivid-cyan-blue-color has-text-color\">Oferta de plazas<\/h2>\n\n\n\n<figure class=\"wp-block-image size-full\"><img loading=\"lazy\" width=\"858\" height=\"420\" src=\"https:\/\/ciphuarte.educacion.navarra.es\/web1\/wp-content\/uploads\/2026\/03\/oferta-educativa-cae.jpg\" alt=\"\" class=\"wp-image-5470\" srcset=\"https:\/\/ciphuarte.educacion.navarra.es\/web1\/wp-content\/uploads\/2026\/03\/oferta-educativa-cae.jpg 858w, https:\/\/ciphuarte.educacion.navarra.es\/web1\/wp-content\/uploads\/2026\/03\/oferta-educativa-cae-300x147.jpg 300w, https:\/\/ciphuarte.educacion.navarra.es\/web1\/wp-content\/uploads\/2026\/03\/oferta-educativa-cae-768x376.jpg 768w\" sizes=\"(max-width: 858px) 100vw, 858px\" \/><\/figure>\n","protected":false},"excerpt":{"rendered":"<p>Pruebas libres para obtener el t\u00edtulo de Grado Medio en Cuidados auxiliares de enfermer\u00eda Publicaci\u00f3n del 26\/03 Listado PROVISIONAL de personas admitidas, admitidas sin plaza y excluidas. PERIODO DE RECLAMACI\u00d3N DEL 27 MARZO AL 1 DE ABRIL Enviar impreso de reclamaci\u00f3n cumplimentado al correo: ciphuarte-secretaria3@educacion.navarra.es IMPRESO&nbsp;DE RECLAMACI\u00d3N Calendario convocatoria 2026 Oferta de plazas<\/p>\n","protected":false},"author":1,"featured_media":0,"parent":0,"menu_order":0,"comment_status":"closed","ping_status":"closed","template":"","meta":{"_genesis_hide_title":false,"_genesis_hide_breadcrumbs":false,"_genesis_hide_singular_image":false,"_genesis_hide_footer_widgets":false,"_genesis_custom_body_class":"","_genesis_custom_post_class":"","_genesis_layout":""},"_links":{"self":[{"href":"https:\/\/ciphuarte.educacion.navarra.es\/web1\/wp-json\/wp\/v2\/pages\/5046"}],"collection":[{"href":"https:\/\/ciphuarte.educacion.navarra.es\/web1\/wp-json\/wp\/v2\/pages"}],"about":[{"href":"https:\/\/ciphuarte.educacion.navarra.es\/web1\/wp-json\/wp\/v2\/types\/page"}],"author":[{"embeddable":true,"href":"https:\/\/ciphuarte.educacion.navarra.es\/web1\/wp-json\/wp\/v2\/users\/1"}],"replies":[{"embeddable":true,"href":"https:\/\/ciphuarte.educacion.navarra.es\/web1\/wp-json\/wp\/v2\/comments?post=5046"}],"version-history":[{"count":18,"href":"https:\/\/ciphuarte.educacion.navarra.es\/web1\/wp-json\/wp\/v2\/pages\/5046\/revisions"}],"predecessor-version":[{"id":5517,"href":"https:\/\/ciphuarte.educacion.navarra.es\/web1\/wp-json\/wp\/v2\/pages\/5046\/revisions\/5517"}],"wp:attachment":[{"href":"https:\/\/ciphuarte.educacion.navarra.es\/web1\/wp-json\/wp\/v2\/media?parent=5046"}],"curies":[{"name":"wp","href":"https:\/\/api.w.org\/{rel}","templated":true}]}}